{"id":2955,"date":"2025-11-30T02:49:35","date_gmt":"2025-11-30T01:49:35","guid":{"rendered":"https:\/\/leonfresh.com\/okitalk\/?page_id=2955"},"modified":"2025-12-15T02:52:22","modified_gmt":"2025-12-15T01:52:22","slug":"","status":"publish","type":"page","link":"https:\/\/okitalk.news\/en\/advertising\/","title":{"rendered":"Advertise with us","raw":"Advertise with us"},"content":{"rendered":"\n<p><strong>OKiTALK.news \u2013 The only free and interactive media platform in the German-speaking area, where any interested listener can also participate!<\/strong><\/p>\n\n\n\n<p>EVERYONE MAKES BROADCASTS! Just like that. For more than 15 years! You are also live on air with OKiTALK! Associations, companies, and initiatives have the opportunity to present themselves and their concerns to a wide audience at OKiTALK.<\/p>\n\n\n\n<p>Participate as a guest, broadcaster, or supporter in our project for an independent and accessible media platform for open, respectful exchange.<\/p>\n\n\n\n<p>Utilize your opportunities in different broadcast formats:<\/p>\n\n\n<p><\/p>\n\n\n<div class=\"wp-block-columns is-layout-flex wp-container-core-columns-is-layout-9d6595d7 wp-block-columns-is-layout-flex\">\n<div class=\"wp-block-column is-layout-flow wp-block-column-is-layout-flow\">\n<div class=\"et_pb_column et_pb_column_1_3 et_pb_column_2  et_pb_css_mix_blend_mode_passthrough\">\n<div class=\"et_pb_module et_pb_text et_pb_text_2  et_pb_text_align_left et_pb_bg_layout_light\">\n<div class=\"et_pb_text_inner\">\n<h4>OKiTALK from person to person<\/h4>\n<\/div>\n<\/div>\n<div class=\"et_pb_module et_pb_text et_pb_text_3  et_pb_text_align_left et_pb_bg_layout_light\">\n<div class=\"et_pb_text_inner\">\n<p>Our classic broadcast format \u2013 a conversation with you to present a project or topic with one of our moderators.<\/p>\n<\/div>\n<\/div>\n<\/div>\n<\/div>\n\n\n\n<div class=\"wp-block-column is-layout-flow wp-block-column-is-layout-flow\">\n<div class=\"et_pb_module et_pb_text et_pb_text_4  et_pb_text_align_left et_pb_bg_layout_light\">\n<div class=\"et_pb_text_inner\">\n<h4>OKiTALK project broadcast<\/h4>\n<\/div>\n<\/div>\n<div class=\"et_pb_module et_pb_text et_pb_text_5  et_pb_text_align_left et_pb_bg_layout_light\">\n<div class=\"et_pb_text_inner\">\n<p>Conversation on your desired topic, product, or initiative with broadcasters and experts from our network. We produce for you!<\/p>\n<\/div>\n<\/div>\n<\/div>\n\n\n\n<div class=\"wp-block-column is-layout-flow wp-block-column-is-layout-flow\">\n<div class=\"et_pb_module et_pb_text et_pb_text_6  et_pb_text_align_left et_pb_bg_layout_light\">\n<div class=\"et_pb_text_inner\">\n<h4>Publication<\/h4>\n<\/div>\n<\/div>\n<div class=\"et_pb_module et_pb_text et_pb_text_7  et_pb_text_align_left et_pb_bg_layout_light\">\n<div class=\"et_pb_text_inner\">\n<p>We broadcast the recording or live transmission of your content \u2013 whether lecture, event, or concert. Your production live on OKiTALK!<\/p>\n<\/div>\n<\/div>\n<\/div>\n<\/div>\n\n\n\n<p><\/p>\n","protected":false,"raw":"<!-- wp:paragraph -->\n<p><strong>OKiTALK.news \u2013 The only free and interactive media platform in the German-speaking area, where any interested listener can also participate!<\/strong><\/p>\n<!-- \/wp:paragraph -->\n\n<!-- wp:paragraph -->\n<p>EVERYONE MAKES BROADCASTS! Just like that. For more than 15 years! You are also live on air with OKiTALK! Associations, companies, and initiatives have the opportunity to present themselves and their concerns to a wide audience at OKiTALK.<\/p>\n<!-- \/wp:paragraph -->\n\n<!-- wp:paragraph -->\n<p>Participate as a guest, broadcaster, or supporter in our project for an independent and accessible media platform for open, respectful exchange.<\/p>\n<!-- \/wp:paragraph -->\n\n<!-- wp:paragraph -->\n<p>Utilize your opportunities in different broadcast formats:<\/p>\n<!-- \/wp:paragraph -->\n\n<p><\/p>\n\n<!-- wp:columns -->\n<div class=\"wp-block-columns\"><!-- wp:column -->\n<div class=\"wp-block-column\"><!-- wp:freeform -->\n<div class=\"et_pb_column et_pb_column_1_3 et_pb_column_2  et_pb_css_mix_blend_mode_passthrough\">\n<div class=\"et_pb_module et_pb_text et_pb_text_2  et_pb_text_align_left et_pb_bg_layout_light\">\n<div class=\"et_pb_text_inner\">\n<h4>OKiTALK from person to person<\/h4>\n<\/div>\n<\/div>\n<div class=\"et_pb_module et_pb_text et_pb_text_3  et_pb_text_align_left et_pb_bg_layout_light\">\n<div class=\"et_pb_text_inner\">\n<p>Our classic broadcast format \u2013 a conversation with you to present a project or topic with one of our moderators.<\/p>\n<\/div>\n<\/div>\n<\/div>\n<!-- \/wp:freeform --><\/div>\n<!-- \/wp:column -->\n\n<!-- wp:column -->\n<div class=\"wp-block-column\"><!-- wp:freeform -->\n<div class=\"et_pb_module et_pb_text et_pb_text_4  et_pb_text_align_left et_pb_bg_layout_light\">\n<div class=\"et_pb_text_inner\">\n<h4>OKiTALK project broadcast<\/h4>\n<\/div>\n<\/div>\n<div class=\"et_pb_module et_pb_text et_pb_text_5  et_pb_text_align_left et_pb_bg_layout_light\">\n<div class=\"et_pb_text_inner\">\n<p>Conversation on your desired topic, product, or initiative with broadcasters and experts from our network. We produce for you!<\/p>\n<\/div>\n<\/div>\n<!-- \/wp:freeform --><\/div>\n<!-- \/wp:column -->\n\n<!-- wp:column -->\n<div class=\"wp-block-column\"><!-- wp:freeform -->\n<div class=\"et_pb_module et_pb_text et_pb_text_6  et_pb_text_align_left et_pb_bg_layout_light\">\n<div class=\"et_pb_text_inner\">\n<h4>Publication<\/h4>\n<\/div>\n<\/div>\n<div class=\"et_pb_module et_pb_text et_pb_text_7  et_pb_text_align_left et_pb_bg_layout_light\">\n<div class=\"et_pb_text_inner\">\n<p>We broadcast the recording or live transmission of your content \u2013 whether lecture, event, or concert. Your production live on OKiTALK!<\/p>\n<\/div>\n<\/div>\n<!-- \/wp:freeform --><\/div>\n<!-- \/wp:column --><\/div>\n<!-- \/wp:columns -->\n\n<!-- wp:paragraph -->\n<p><\/p>\n<!-- \/wp:paragraph -->"},"excerpt":{"rendered":"","protected":false,"raw":""},"author":1,"featured_media":0,"parent":0,"menu_order":0,"comment_status":"closed","ping_status":"closed","template":"template-advertise.php","meta":{"_en_post_content":"<!-- wp:paragraph -->\n<p><strong>OKiTALK.news \u2013 The only free and interactive media platform in the German-speaking area, where any interested listener can also participate!<\/strong><\/p>\n<!-- \/wp:paragraph -->\n\n<!-- wp:paragraph -->\n<p>EVERYONE MAKES BROADCASTS! Just like that. For more than 15 years! You are also live on air with OKiTALK! Associations, companies, and initiatives have the opportunity to present themselves and their concerns to a wide audience at OKiTALK.<\/p>\n<!-- \/wp:paragraph -->\n\n<!-- wp:paragraph -->\n<p>Participate as a guest, broadcaster, or supporter in our project for an independent and accessible media platform for open, respectful exchange.<\/p>\n<!-- \/wp:paragraph -->\n\n<!-- wp:paragraph -->\n<p>Utilize your opportunities in different broadcast formats:<\/p>\n<!-- \/wp:paragraph -->\n\n<p><\/p>\n\n<!-- wp:columns -->\n<div class=\"wp-block-columns\"><!-- wp:column -->\n<div class=\"wp-block-column\"><!-- wp:freeform -->\n<div class=\"et_pb_column et_pb_column_1_3 et_pb_column_2  et_pb_css_mix_blend_mode_passthrough\">\n<div class=\"et_pb_module et_pb_text et_pb_text_2  et_pb_text_align_left et_pb_bg_layout_light\">\n<div class=\"et_pb_text_inner\">\n<h4>OKiTALK from person to person<\/h4>\n<\/div>\n<\/div>\n<div class=\"et_pb_module et_pb_text et_pb_text_3  et_pb_text_align_left et_pb_bg_layout_light\">\n<div class=\"et_pb_text_inner\">\n<p>Our classic broadcast format \u2013 a conversation with you to present a project or topic with one of our moderators.<\/p>\n<\/div>\n<\/div>\n<\/div>\n<!-- \/wp:freeform --><\/div>\n<!-- \/wp:column -->\n\n<!-- wp:column -->\n<div class=\"wp-block-column\"><!-- wp:freeform -->\n<div class=\"et_pb_module et_pb_text et_pb_text_4  et_pb_text_align_left et_pb_bg_layout_light\">\n<div class=\"et_pb_text_inner\">\n<h4>OKiTALK project broadcast<\/h4>\n<\/div>\n<\/div>\n<div class=\"et_pb_module et_pb_text et_pb_text_5  et_pb_text_align_left et_pb_bg_layout_light\">\n<div class=\"et_pb_text_inner\">\n<p>Conversation on your desired topic, product, or initiative with broadcasters and experts from our network. We produce for you!<\/p>\n<\/div>\n<\/div>\n<!-- \/wp:freeform --><\/div>\n<!-- \/wp:column -->\n\n<!-- wp:column -->\n<div class=\"wp-block-column\"><!-- wp:freeform -->\n<div class=\"et_pb_module et_pb_text et_pb_text_6  et_pb_text_align_left et_pb_bg_layout_light\">\n<div class=\"et_pb_text_inner\">\n<h4>Publication<\/h4>\n<\/div>\n<\/div>\n<div class=\"et_pb_module et_pb_text et_pb_text_7  et_pb_text_align_left et_pb_bg_layout_light\">\n<div class=\"et_pb_text_inner\">\n<p>We broadcast the recording or live transmission of your content \u2013 whether lecture, event, or concert. Your production live on OKiTALK!<\/p>\n<\/div>\n<\/div>\n<!-- \/wp:freeform --><\/div>\n<!-- \/wp:column --><\/div>\n<!-- \/wp:columns -->\n\n<!-- wp:paragraph -->\n<p><\/p>\n<!-- \/wp:paragraph -->","_en_post_name":"","_en_post_excerpt":"","_en_post_title":"Advertise with us","_de_post_content":"<!-- wp:paragraph -->\n<p><strong>OKiTALK.news \u2013 Die einzige freie und interaktive Medienplattform im deutschsprachigen Raum, auf der auch jeder interessierte Zuh\u00f6rer teilnehmen kann!<\/strong><\/p>\n<!-- \/wp:paragraph -->\n\n<!-- wp:paragraph -->\n<p>JEDER MACHT SENDUNG! Einfach so. Seit mehr als 15 Jahren! Auch Du bist mit OKiTALK live on air! Vereine, Firmen und Initiativen haben die Gelegenheit, sich selbst und ihr Anliegen bei OKiTALK einem breiten Publikum zu pr\u00e4sentieren.<\/p>\n<!-- \/wp:paragraph -->\n\n<!-- wp:paragraph -->\n<p>Nimm als Gast, Sendemacher oder F\u00f6rderer an unserem Projekt f\u00fcr eine unabh\u00e4ngige und jedem zug\u00e4ngliche Medienplattform f\u00fcr offenen, respektvollen Austausch teil.<\/p>\n<!-- \/wp:paragraph -->\n\n<!-- wp:paragraph -->\n<p>Nutze Deine M\u00f6glichkeiten in unterschiedlichen Sendeformaten:<\/p>\n<!-- \/wp:paragraph -->\n\n<\/p>\n\n<!-- wp:columns -->\n<div class=\"wp-block-columns\"><!-- wp:column -->\n<div class=\"wp-block-column\"><!-- wp:freeform -->\n<div class=\"et_pb_column et_pb_column_1_3 et_pb_column_2  et_pb_css_mix_blend_mode_passthrough\">\n<div class=\"et_pb_module et_pb_text et_pb_text_2  et_pb_text_align_left et_pb_bg_layout_light\">\n<div class=\"et_pb_text_inner\">\n<h4>OKiTALK von Mensch zu Mensch<\/h4>\n<\/div>\n<\/div>\n<div class=\"et_pb_module et_pb_text et_pb_text_3  et_pb_text_align_left et_pb_bg_layout_light\">\n<div class=\"et_pb_text_inner\">\n<p>Unser klassisches Sendeformat \u2013 ein Gespr\u00e4ch mit Dir zur Vorstellung von einem Projekt oder Thema mit einem unserer Moderatoren.<\/p>\n<\/div>\n<\/div>\n<\/div>\n<!-- \/wp:freeform --><\/div>\n<!-- \/wp:column -->\n\n<!-- wp:column -->\n<div class=\"wp-block-column\"><!-- wp:freeform -->\n<div class=\"et_pb_module et_pb_text et_pb_text_4  et_pb_text_align_left et_pb_bg_layout_light\">\n<div class=\"et_pb_text_inner\">\n<h4>OKiTALK Projektsendung<\/h4>\n<\/div>\n<\/div>\n<div class=\"et_pb_module et_pb_text et_pb_text_5  et_pb_text_align_left et_pb_bg_layout_light\">\n<div class=\"et_pb_text_inner\">\n<p>Gespr\u00e4ch zu Deinem gew\u00fcnschten Thema, Produkt oder Initiative mit Sendemachern und Experten aus unserem Netzwerk. Wir produzieren f\u00fcr Dich!<\/p>\n<\/div>\n<\/div>\n<!-- \/wp:freeform --><\/div>\n<!-- \/wp:column -->\n\n<!-- wp:column -->\n<div class=\"wp-block-column\"><!-- wp:freeform -->\n<div class=\"et_pb_module et_pb_text et_pb_text_6  et_pb_text_align_left et_pb_bg_layout_light\">\n<div class=\"et_pb_text_inner\">\n<h4>Ver\u00f6ffentlichung<\/h4>\n<\/div>\n<\/div>\n<div class=\"et_pb_module et_pb_text et_pb_text_7  et_pb_text_align_left et_pb_bg_layout_light\">\n<div class=\"et_pb_text_inner\">\n<p>Wir senden die Aufzeichnung oder Live-\u00dcbertragung deiner Inhalte \u2013 egal ob Vortrag, Event oder Konzert. Deine Produktion live auf OKiTALK!<\/p>\n<\/div>\n<\/div>\n<!-- \/wp:freeform --><\/div>\n<!-- \/wp:column --><\/div>\n<!-- \/wp:columns -->\n\n<!-- wp:paragraph -->\n<p><\/p>\n<!-- \/wp:paragraph -->","_de_post_name":"advertising","_de_post_excerpt":"","_de_post_title":"Werben Sie bei uns","_es_post_content":"<!-- wp:paragraph -->\n<p><strong>OKiTALK.news \u2013 \u00a1La \u00fanica plataforma de medios libre e interactiva en el \u00e1mbito de habla alemana, donde cualquier oyente interesado puede participar!<\/strong><\/p>\n<!-- \/wp:paragraph -->\n\n<!-- wp:paragraph -->\n<p>\u00a1CUALQUIERA HACE EMISI\u00d3N! As\u00ed de simple. \u00a1Desde hace m\u00e1s de 15 a\u00f1os! \u00a1T\u00fa tambi\u00e9n est\u00e1s en OKiTALK en vivo! Asociaciones, empresas e iniciativas tienen la oportunidad de presentarse a s\u00ed mismas y su causa en OKiTALK a un amplio p\u00fablico.<\/p>\n<!-- \/wp:paragraph -->\n\n<!-- wp:paragraph -->\n<p>Participa como invitado, creador de contenido o patrocinador en nuestro proyecto para una plataforma de medios independiente y accesible para todos, para un intercambio abierto y respetuoso.<\/p>\n<!-- \/wp:paragraph -->\n\n<!-- wp:paragraph -->\n<p>Utiliza tus posibilidades en diferentes formatos de emisi\u00f3n:<\/p>\n<!-- \/wp:paragraph -->\n\n<p><\/p>\n\n<!-- wp:columns -->\n<div class=\"wp-block-columns\"><!-- wp:column -->\n<div class=\"wp-block-column\"><!-- wp:freeform -->\n<div class=\"et_pb_column et_pb_column_1_3 et_pb_column_2  et_pb_css_mix_blend_mode_passthrough\">\n<div class=\"et_pb_module et_pb_text et_pb_text_2  et_pb_text_align_left et_pb_bg_layout_light\">\n<div class=\"et_pb_text_inner\">\n<h4>OKiTALK de persona a persona<\/h4>\n<\/div>\n<\/div>\n<div class=\"et_pb_module et_pb_text et_pb_text_3  et_pb_text_align_left et_pb_bg_layout_light\">\n<div class=\"et_pb_text_inner\">\n<p>Nuestro formato cl\u00e1sico de emisi\u00f3n: una conversaci\u00f3n contigo para presentar un proyecto o tema con uno de nuestros moderadores.<\/p>\n<\/div>\n<\/div>\n<\/div>\n<!-- \/wp:freeform --><\/div>\n<!-- \/wp:column -->\n\n<!-- wp:column -->\n<div class=\"wp-block-column\"><!-- wp:freeform -->\n<div class=\"et_pb_module et_pb_text et_pb_text_4  et_pb_text_align_left et_pb_bg_layout_light\">\n<div class=\"et_pb_text_inner\">\n<h4>Emisi\u00f3n de proyecto OKiTALK<\/h4>\n<\/div>\n<\/div>\n<div class=\"et_pb_module et_pb_text et_pb_text_5  et_pb_text_align_left et_pb_bg_layout_light\">\n<div class=\"et_pb_text_inner\">\n<p>Conversaci\u00f3n sobre el tema, producto o iniciativa que desees con creadores de contenido y expertos de nuestra red. \u00a1Producimos para ti!<\/p>\n<\/div>\n<\/div>\n<!-- \/wp:freeform --><\/div>\n<!-- \/wp:column -->\n\n<!-- wp:column -->\n<div class=\"wp-block-column\"><!-- wp:freeform -->\n<div class=\"et_pb_module et_pb_text et_pb_text_6  et_pb_text_align_left et_pb_bg_layout_light\">\n<div class=\"et_pb_text_inner\">\n<h4>Publicaci\u00f3n<\/h4>\n<\/div>\n<\/div>\n<div class=\"et_pb_module et_pb_text et_pb_text_7  et_pb_text_align_left et_pb_bg_layout_light\">\n<div class=\"et_pb_text_inner\">\n<p>Transmitimos la grabaci\u00f3n o la transmisi\u00f3n en vivo de tus contenidos, ya sea una conferencia, evento o concierto. \u00a1Tu producci\u00f3n en vivo en OKiTALK!<\/p>\n<\/div>\n<\/div>\n<!-- \/wp:freeform --><\/div>\n<!-- \/wp:column --><\/div>\n<!-- \/wp:columns -->\n\n<!-- wp:paragraph -->\n<p><\/p>\n<!-- \/wp:paragraph -->","_es_post_name":"","_es_post_excerpt":"","_es_post_title":"An\u00fanciese con nosotros","edit_language":"en","iawp_total_views":102,"footnotes":""},"class_list":["post-2955","page","type-page","status-publish","hentry"],"_links":{"self":[{"href":"https:\/\/okitalk.news\/en\/wp-json\/wp\/v2\/pages\/2955","targetHints":{"allow":["GET"]}}],"collection":[{"href":"https:\/\/okitalk.news\/en\/wp-json\/wp\/v2\/pages"}],"about":[{"href":"https:\/\/okitalk.news\/en\/wp-json\/wp\/v2\/types\/page"}],"author":[{"embeddable":true,"href":"https:\/\/okitalk.news\/en\/wp-json\/wp\/v2\/users\/1"}],"replies":[{"embeddable":true,"href":"https:\/\/okitalk.news\/en\/wp-json\/wp\/v2\/comments?post=2955"}],"version-history":[{"count":12,"href":"https:\/\/okitalk.news\/en\/wp-json\/wp\/v2\/pages\/2955\/revisions"}],"predecessor-version":[{"id":14632,"href":"https:\/\/okitalk.news\/en\/wp-json\/wp\/v2\/pages\/2955\/revisions\/14632"}],"wp:attachment":[{"href":"https:\/\/okitalk.news\/en\/wp-json\/wp\/v2\/media?parent=2955"}],"curies":[{"name":"wp","href":"https:\/\/api.w.org\/{rel}","templated":true}]}}