{"id":2942,"date":"2025-11-30T01:01:03","date_gmt":"2025-11-30T00:01:03","guid":{"rendered":"https:\/\/leonfresh.com\/okitalk\/?page_id=2942"},"modified":"2026-02-21T11:18:41","modified_gmt":"2026-02-21T10:18:41","slug":"imprint","status":"publish","type":"page","link":"https:\/\/okitalk.news\/de\/imprint\/","title":{"rendered":"Impressum"},"content":{"rendered":"\n<p><strong>Verein OKiTALK<\/strong><\/p>\n\n\n\n<p>Klaus Glatzel<br>Gleichenbach 18<\/p>\n\n\n\n<p>AT-2812 Hollenthon<\/p>\n\n\n\n<p>WhattsApp: +43 681 81859637<\/p>\n\n\n\n<p>WhatsApp: +595 983 565813<br>E:Mail: office@okitalk.news<\/p>\n\n\n\n<p>Verein OKiTALK \u2013 ZVR: 1129387092<\/p>\n\n\n\n<p><strong>Verein &amp; Unternehmen<\/strong><\/p>\n\n\n\n<p>OKiTALK ist ein eingetragener Verein<br>OKiTALK  ist eine eingetragene Firma in Paraguay<\/p>\n\n\n\n<p>Unterst\u00fctzen sie unsere Medienarbeit. Danke daf\u00fcr.<\/p>\n\n\n\n<p><strong>OKiTALK Gesch\u00e4ftskonto f\u00fcr Paraguay:<\/strong><\/p>\n\n\n\n<p><strong>Bank Familiar<\/strong><\/p>\n\n\n\n<p><strong>Kontonummer: 00009-6688072<\/strong><\/p>\n\n\n\n<p><strong>Swift: FAMIPYPAXXX<\/strong><\/p>\n","protected":false},"excerpt":{"rendered":"<p>Verein OKiTALK Klaus GlatzelGleichenbach 18 AT-2812 Hollenthon WhattsApp: +43 681 81859637 WhatsApp: +595 983 565813E:Mail: office@okitalk.news Verein OKiTALK \u2013 ZVR: 1129387092 Verein &amp; Unternehmen OKiTALK ist ein eingetragener VereinOKiTALK ist eine eingetragene Firma in Paraguay Unterst\u00fctzen sie unsere Medienarbeit. Danke daf\u00fcr. OKiTALK Gesch\u00e4ftskonto f\u00fcr Paraguay: Bank Familiar Kontonummer: 00009-6688072 Swift: FAMIPYPAXXX<\/p>\n","protected":false},"author":1,"featured_media":0,"parent":0,"menu_order":0,"comment_status":"closed","ping_status":"closed","template":"","meta":{"_en_post_content":"<!-- wp:paragraph -->\n<p><strong>Association OKiTALK<\/strong><\/p>\n<!-- \/wp:paragraph -->\n\n<!-- wp:paragraph -->\n<p>Klaus Glatzel<br>Gleichenbach 18<\/p>\n<!-- \/wp:paragraph -->\n\n<!-- wp:paragraph -->\n<p>AT-2812 Hollenthon<\/p>\n<!-- \/wp:paragraph -->\n\n<!-- wp:paragraph -->\n<p>WhatsApp: +43 681 81859637<\/p>\n<!-- \/wp:paragraph -->\n\n<!-- wp:paragraph -->\n<p>WhatsApp: +595 983 565813<br>E:Mail: office@okitalk.news<\/p>\n<!-- \/wp:paragraph -->\n\n<!-- wp:paragraph -->\n<p>Association OKiTALK \u2013 ZVR: 1129387092<\/p>\n<!-- \/wp:paragraph -->\n\n<!-- wp:paragraph -->\n<p><strong>Association &amp; Company<\/strong><\/p>\n<!-- \/wp:paragraph -->\n\n<!-- wp:paragraph -->\n<p>OKiTALK is a registered association<br>OKiTALK is a registered company in Paraguay<\/p>\n<!-- \/wp:paragraph -->\n\n<!-- wp:paragraph -->\n<p>Support our media work. Thank you for that.<\/p>\n<!-- \/wp:paragraph -->\n\n<!-- wp:paragraph -->\n<p><strong>OKiTALK Business Account for Paraguay:<\/strong><\/p>\n<!-- \/wp:paragraph -->\n\n<!-- wp:paragraph -->\n<p><strong>Bank Familiar<\/strong><\/p>\n<!-- \/wp:paragraph -->\n\n<!-- wp:paragraph -->\n<p><strong>Account Number: 00009-6688072<\/strong><\/p>\n<!-- \/wp:paragraph -->\n\n<!-- wp:paragraph -->\n<p><strong>Swift: FAMIPYPAXXX<\/strong><\/p>\n<!-- \/wp:paragraph -->","_en_post_name":"","_en_post_excerpt":"","_en_post_title":"Imprint","_de_post_content":"<!-- wp:paragraph -->\n<p><strong>Verein OKiTALK<\/strong><\/p>\n<!-- \/wp:paragraph -->\n\n<!-- wp:paragraph -->\n<p>Klaus Glatzel<br>Gleichenbach 18<\/p>\n<!-- \/wp:paragraph -->\n\n<!-- wp:paragraph -->\n<p>AT-2812 Hollenthon<\/p>\n<!-- \/wp:paragraph -->\n\n<!-- wp:paragraph -->\n<p>WhattsApp: +43 681 81859637<\/p>\n<!-- \/wp:paragraph -->\n\n<!-- wp:paragraph -->\n<p>WhatsApp: +595 983 565813<br>E:Mail: office@okitalk.news<\/p>\n<!-- \/wp:paragraph -->\n\n<!-- wp:paragraph -->\n<p>Verein OKiTALK \u2013 ZVR: 1129387092<\/p>\n<!-- \/wp:paragraph -->\n\n<!-- wp:paragraph -->\n<p><strong>Verein &amp; Unternehmen<\/strong><\/p>\n<!-- \/wp:paragraph -->\n\n<!-- wp:paragraph -->\n<p>OKiTALK ist ein eingetragener Verein<br>OKiTALK  ist eine eingetragene Firma in Paraguay<\/p>\n<!-- \/wp:paragraph -->\n\n<!-- wp:paragraph -->\n<p>Unterst\u00fctzen sie unsere Medienarbeit. Danke daf\u00fcr.<\/p>\n<!-- \/wp:paragraph -->\n\n<!-- wp:paragraph -->\n<p><strong>OKiTALK Gesch\u00e4ftskonto f\u00fcr Paraguay:<\/strong><\/p>\n<!-- \/wp:paragraph -->\n\n<!-- wp:paragraph -->\n<p><strong>Bank Familiar<\/strong><\/p>\n<!-- \/wp:paragraph -->\n\n<!-- wp:paragraph -->\n<p><strong>Kontonummer: 00009-6688072<\/strong><\/p>\n<!-- \/wp:paragraph -->\n\n<!-- wp:paragraph -->\n<p><strong>Swift: FAMIPYPAXXX<\/strong><\/p>\n<!-- \/wp:paragraph -->","_de_post_name":"imprint","_de_post_excerpt":"","_de_post_title":"Impressum","_es_post_content":"<!-- wp:paragraph -->\n<p><strong>Asociaci\u00f3n OKiTALK<\/strong><\/p>\n<!-- \/wp:paragraph -->\n\n<!-- wp:paragraph -->\n<p>Klaus Glatzel<br>Gleichenbach 18<\/p>\n<!-- \/wp:paragraph -->\n\n<!-- wp:paragraph -->\n<p>AT-2812 Hollenthon<\/p>\n<!-- \/wp:paragraph -->\n\n<!-- wp:paragraph -->\n<p>WhatsApp: +43 681 81859637<\/p>\n<!-- \/wp:paragraph -->\n\n<!-- wp:paragraph -->\n<p>WhatsApp: +595 983 565813<br>E:Mail: office@okitalk.news<\/p>\n<!-- \/wp:paragraph -->\n\n<!-- wp:paragraph -->\n<p>Asociaci\u00f3n OKiTALK \u2013 ZVR: 1129387092<\/p>\n<!-- \/wp:paragraph -->\n\n<!-- wp:paragraph -->\n<p><strong>Asociaci\u00f3n &amp; Empresa<\/strong><\/p>\n<!-- \/wp:paragraph -->\n\n<!-- wp:paragraph -->\n<p>OKiTALK es una asociaci\u00f3n registrada<br>OKiTALK es una empresa registrada en Paraguay<\/p>\n<!-- \/wp:paragraph -->\n\n<!-- wp:paragraph -->\n<p>Apoye nuestro trabajo medi\u00e1tico. Gracias por ello.<\/p>\n<!-- \/wp:paragraph -->\n\n<!-- wp:paragraph -->\n<p><strong>Cuenta comercial OKiTALK para Paraguay:<\/strong><\/p>\n<!-- \/wp:paragraph -->\n\n<!-- wp:paragraph -->\n<p><strong>Banco Familiar<\/strong><\/p>\n<!-- \/wp:paragraph -->\n\n<!-- wp:paragraph -->\n<p><strong>N\u00famero de cuenta: 00009-6688072<\/strong><\/p>\n<!-- \/wp:paragraph -->\n\n<!-- wp:paragraph -->\n<p><strong>Swift: FAMIPYPAXXX<\/strong><\/p>\n<!-- \/wp:paragraph -->","_es_post_name":"","_es_post_excerpt":"","_es_post_title":"Impreso","edit_language":"de","iawp_total_views":205,"footnotes":""},"class_list":["post-2942","page","type-page","status-publish","hentry"],"_links":{"self":[{"href":"https:\/\/okitalk.news\/de\/wp-json\/wp\/v2\/pages\/2942","targetHints":{"allow":["GET"]}}],"collection":[{"href":"https:\/\/okitalk.news\/de\/wp-json\/wp\/v2\/pages"}],"about":[{"href":"https:\/\/okitalk.news\/de\/wp-json\/wp\/v2\/types\/page"}],"author":[{"embeddable":true,"href":"https:\/\/okitalk.news\/de\/wp-json\/wp\/v2\/users\/1"}],"replies":[{"embeddable":true,"href":"https:\/\/okitalk.news\/de\/wp-json\/wp\/v2\/comments?post=2942"}],"version-history":[{"count":8,"href":"https:\/\/okitalk.news\/de\/wp-json\/wp\/v2\/pages\/2942\/revisions"}],"predecessor-version":[{"id":15973,"href":"https:\/\/okitalk.news\/de\/wp-json\/wp\/v2\/pages\/2942\/revisions\/15973"}],"wp:attachment":[{"href":"https:\/\/okitalk.news\/de\/wp-json\/wp\/v2\/media?parent=2942"}],"curies":[{"name":"wp","href":"https:\/\/api.w.org\/{rel}","templated":true}]}}