{"id":1073,"date":"2025-11-29T10:18:52","date_gmt":"2025-11-28T23:18:52","guid":{"rendered":"https:\/\/leonfresh.com\/okitalk\/?page_id=1073"},"modified":"2025-12-15T00:08:59","modified_gmt":"2025-12-14T23:08:59","slug":"contact","status":"publish","type":"page","link":"https:\/\/okitalk.news\/de\/contact\/","title":{"rendered":"Kontakt"},"content":{"rendered":"\n<div class=\"contact-layout\">\n        <div class=\"contact-form-col\">\n            <h2>Senden Sie uns eine Nachricht<\/h2>\n            <div class=\"contact-form-wrapper\">\n                \n<div class=\"wpcf7 no-js\" id=\"wpcf7-f1072-o1\" lang=\"en-US\" dir=\"ltr\" data-wpcf7-id=\"1072\">\n<div class=\"screen-reader-response\"><p role=\"status\" aria-live=\"polite\" aria-atomic=\"true\"><\/p> <ul><\/ul><\/div>\n<form action=\"\/de\/wp-json\/wp\/v2\/pages\/1073#wpcf7-f1072-o1\" method=\"post\" class=\"wpcf7-form init\" aria-label=\"Contact form\" novalidate=\"novalidate\" data-status=\"init\">\n<fieldset class=\"hidden-fields-container\"><input type=\"hidden\" name=\"_wpcf7\" value=\"1072\" \/><input type=\"hidden\" name=\"_wpcf7_version\" value=\"6.1.5\" \/><input type=\"hidden\" name=\"_wpcf7_locale\" value=\"en_US\" \/><input type=\"hidden\" name=\"_wpcf7_unit_tag\" value=\"wpcf7-f1072-o1\" \/><input type=\"hidden\" name=\"_wpcf7_container_post\" value=\"0\" \/><input type=\"hidden\" name=\"_wpcf7_posted_data_hash\" value=\"\" \/>\n<\/fieldset>\n<div class=\"form-group\">\n\t<p><label>Ihr Name<\/label><br \/>\n<span class=\"wpcf7-form-control-wrap\" data-name=\"your-name\"><input size=\"40\" maxlength=\"400\" class=\"wpcf7-form-control wpcf7-text wpcf7-validates-as-required form-control\" aria-required=\"true\" aria-invalid=\"false\" value=\"\" type=\"text\" name=\"your-name\" \/><\/span>\n\t<\/p>\n<\/div>\n<div class=\"form-group\">\n\t<p><label>Ihre E-Mail<\/label><br \/>\n<span class=\"wpcf7-form-control-wrap\" data-name=\"your-email\"><input size=\"40\" maxlength=\"400\" class=\"wpcf7-form-control wpcf7-email wpcf7-validates-as-required wpcf7-text wpcf7-validates-as-email form-control\" aria-required=\"true\" aria-invalid=\"false\" value=\"\" type=\"email\" name=\"your-email\" \/><\/span>\n\t<\/p>\n<\/div>\n<div class=\"form-group\">\n\t<p><label>Betreff<\/label><br \/>\n<span class=\"wpcf7-form-control-wrap\" data-name=\"your-subject\"><input size=\"40\" maxlength=\"400\" class=\"wpcf7-form-control wpcf7-text form-control\" aria-invalid=\"false\" value=\"\" type=\"text\" name=\"your-subject\" \/><\/span>\n\t<\/p>\n<\/div>\n<div class=\"form-group\">\n\t<p><label>Ihre Nachricht<\/label><br \/>\n<span class=\"wpcf7-form-control-wrap\" data-name=\"your-message\"><textarea cols=\"40\" rows=\"10\" maxlength=\"2000\" class=\"wpcf7-form-control wpcf7-textarea wpcf7-validates-as-required form-control\" aria-required=\"true\" aria-invalid=\"false\" name=\"your-message\"><\/textarea><\/span>\n\t<\/p>\n<\/div>\n<div class=\"form-group\">\n\t<p><input class=\"wpcf7-form-control wpcf7-submit has-spinner\" type=\"submit\" value=\"Nachricht senden\" \/>\n\t<\/p>\n<\/div><div class=\"wpcf7-response-output\" aria-hidden=\"true\"><\/div>\n<\/form>\n<\/div>\n\n            <\/div>\n        <\/div>\n\n\n\n<div class=\"contact-info-col\">\n            <h2>Kontaktinformationen<\/h2>\n            <ul class=\"contact-details\">\n                <li>\n                    <i class=\"fas fa-map-marker-alt\"><\/i>\n                    <div>\n                        <strong>Adresse<\/strong>\n                        OKiTALK &#8211; Der Talk von Mensch zu Mensch<br>\n                        interaktives TV und Radio<br>\n                        ZVR-Zahl 1129387092<br>\n                        Gleichenbach 18<br>\n                        AT-2812 Hollenthon\n                    <\/div>\n                <\/li>\n                <li>\n                    <i class=\"fas fa-envelope\"><\/i>\n                    <div>\n                        <strong>E-Mail<\/strong>\n                        <a href=\"mailto:office@okitalk.news\">office@okitalk.news<\/a>\n                    <\/div>\n                <\/li>\n                <li>\n                    <i class=\"fab fa-whatsapp\"><\/i>\n                    <div>\n                        <strong>Whatsapp<\/strong>\n                        <a href=\"https:\/\/wa.me\/4368181859637\">+43 681 81859637<\/a><br\/>\n                        <a href=\"https:\/\/wa.me\/595983565813\">+595 983 565813<\/a>\n                    <\/div>\n                <\/li>\n                <li>\n                    <i class=\"fas fa-file-alt\"><\/i>\n                    <div>\n                        <strong>Verein &#038; Unternehmen<\/strong>\n                        OKiTALK ist ein eingetragener Verein<br>\n                        OKiTALK News ist eine eingetragene Firma in Paraguay\n                    <\/div>\n                <\/li>\n            <\/ul>\n\n            <div class=\"privacy-box\">\n                <h3>Datenschutzerkl\u00e4rung<\/h3>\n                <p>Ihre Daten werden vertraulich behandelt und nur zur Bearbeitung Ihrer Anfrage verwendet.<\/p>\n                <p class=\"small\">Restreaming: Restreaming unserer Inhalte ist ausdr\u00fccklich erlaubt und erw\u00fcnscht.<\/p>\n            <\/div>\n        <\/div>\n    <\/div> <!-- End .contact-layout -->\n","protected":false},"excerpt":{"rendered":"<p>Senden Sie uns eine Nachricht Kontaktinformationen Adresse OKiTALK &#8211; Der Talk von Mensch zu Mensch interaktives TV und Radio ZVR-Zahl 1129387092 Gleichenbach 18 AT-2812 Hollenthon E-Mail office@okitalk.news Whatsapp +43 681 81859637 +595 983 565813 Verein &#038; Unternehmen OKiTALK ist ein eingetragener Verein OKiTALK News ist eine eingetragene Firma in Paraguay Datenschutzerkl\u00e4rung Ihre Daten werden vertraulich [&hellip;]<\/p>\n","protected":false},"author":1,"featured_media":0,"parent":0,"menu_order":0,"comment_status":"closed","ping_status":"closed","template":"template-contact.php","meta":{"_en_post_content":"<!-- wp:html -->\n<div class=\"contact-layout\">\n        <div class=\"contact-form-col\">\n            <h2>Send Us a Message<\/h2>\n            <div class=\"contact-form-wrapper\">\n                [contact-form-7 id=\"51fdf3a\" title=\"contact\"]\n            <\/div>\n        <\/div>\n<!-- \/wp:html -->\n\n<!-- wp:html -->\n<div class=\"contact-info-col\">\n            <h2>Contact Information<\/h2>\n            <ul class=\"contact-details\">\n                <li>\n                    <i class=\"fas fa-map-marker-alt\"><\/i>\n                    <div>\n                        <strong>Address<\/strong>\n                        OKiTALK - Der Talk von Mensch zu Mensch<br>\n                        interaktives TV und Radio<br>\n                        ZVR-Number 1129387092<br>\n                        Gleichenbach 18<br>\n                        AT-2812 Hollenthon\n                    <\/div>\n                <\/li>\n                <li>\n                    <i class=\"fas fa-envelope\"><\/i>\n                    <div>\n                        <strong>E-Mail<\/strong>\n                        <a href=\"mailto:office@okitalk.news\">office@okitalk.news<\/a>\n                    <\/div>\n                <\/li>\n                <li>\n                    <i class=\"fab fa-whatsapp\"><\/i>\n                    <div>\n                        <strong>Whatsapp<\/strong>\n                        <a href=\"https:\/\/wa.me\/4368181859637\">+43 681 81859637<\/a><br\/>\n                        <a href=\"https:\/\/wa.me\/595983565813\">+595 983 565813<\/a>\n                    <\/div>\n                <\/li>\n                <li>\n                    <i class=\"fas fa-file-alt\"><\/i>\n                    <div>\n                        <strong>Association & Company<\/strong>\n                        OKiTALK is a registered association<br>\n                        OKiTALK News is a egistered company in Paraguay\n                    <\/div>\n                <\/li>\n            <\/ul>\n\n            <div class=\"privacy-box\">\n                <h3>Privacy Policy<\/h3>\n                <p>Your data will be treated confidentially and only used to process your request.<\/p>\n                <p class=\"small\">Restreaming: Restreaming of our content is explicitly allowed and encouraged.<\/p>\n            <\/div>\n        <\/div>\n    <\/div> <!-- End .contact-layout -->\n<!-- \/wp:html -->","_en_post_name":"","_en_post_excerpt":"","_en_post_title":"Contact US","_de_post_content":"<!-- wp:html -->\n<div class=\"contact-layout\">\n        <div class=\"contact-form-col\">\n            <h2>Senden Sie uns eine Nachricht<\/h2>\n            <div class=\"contact-form-wrapper\">\n                [contact-form-7 id=\"048cc99\" title=\"Kontakt\"]\n            <\/div>\n        <\/div>\n<!-- \/wp:html -->\n\n<!-- wp:html -->\n<div class=\"contact-info-col\">\n            <h2>Kontaktinformationen<\/h2>\n            <ul class=\"contact-details\">\n                <li>\n                    <i class=\"fas fa-map-marker-alt\"><\/i>\n                    <div>\n                        <strong>Adresse<\/strong>\n                        OKiTALK - Der Talk von Mensch zu Mensch<br>\n                        interaktives TV und Radio<br>\n                        ZVR-Zahl 1129387092<br>\n                        Gleichenbach 18<br>\n                        AT-2812 Hollenthon\n                    <\/div>\n                <\/li>\n                <li>\n                    <i class=\"fas fa-envelope\"><\/i>\n                    <div>\n                        <strong>E-Mail<\/strong>\n                        <a href=\"mailto:office@okitalk.news\">office@okitalk.news<\/a>\n                    <\/div>\n                <\/li>\n                <li>\n                    <i class=\"fab fa-whatsapp\"><\/i>\n                    <div>\n                        <strong>Whatsapp<\/strong>\n                        <a href=\"https:\/\/wa.me\/4368181859637\">+43 681 81859637<\/a><br\/>\n                        <a href=\"https:\/\/wa.me\/595983565813\">+595 983 565813<\/a>\n                    <\/div>\n                <\/li>\n                <li>\n                    <i class=\"fas fa-file-alt\"><\/i>\n                    <div>\n                        <strong>Verein & Unternehmen<\/strong>\n                        OKiTALK ist ein eingetragener Verein<br>\n                        OKiTALK News ist eine eingetragene Firma in Paraguay\n                    <\/div>\n                <\/li>\n            <\/ul>\n\n            <div class=\"privacy-box\">\n                <h3>Datenschutzerkl\u00e4rung<\/h3>\n                <p>Ihre Daten werden vertraulich behandelt und nur zur Bearbeitung Ihrer Anfrage verwendet.<\/p>\n                <p class=\"small\">Restreaming: Restreaming unserer Inhalte ist ausdr\u00fccklich erlaubt und erw\u00fcnscht.<\/p>\n            <\/div>\n        <\/div>\n    <\/div> <!-- End .contact-layout -->\n<!-- \/wp:html -->","_de_post_name":"contact","_de_post_excerpt":"","_de_post_title":"Kontakt","_es_post_content":"<!-- wp:html -->\n<div class=\"contact-layout\">\n        <div class=\"contact-form-col\">\n            <h2>Env\u00edanos un mensaje<\/h2>\n            <div class=\"contact-form-wrapper\">\n                [contact-form-7 id=\"558396c\" title=\"Contacte\"]\n            <\/div>\n        <\/div>\n<!-- \/wp:html -->\n\n<!-- wp:html -->\n<div class=\"contact-info-col\">\n            <h2>Informaci\u00f3n de contacto<\/h2>\n            <ul class=\"contact-details\">\n                <li>\n                    <i class=\"fas fa-map-marker-alt\"><\/i>\n                    <div>\n                        <strong>Direcci\u00f3n<\/strong>\n                        OKiTALK - Der Talk von Mensch zu Mensch<br>\n                        interaktives TV und Radio<br>\n                        ZVR-Number 1129387092<br>\n                        Gleichenbach 18<br>\n                        AT-2812 Hollenthon\n                    <\/div>\n                <\/li>\n                <li>\n                    <i class=\"fas fa-envelope\"><\/i>\n                    <div>\n                        <strong>E-Mail<\/strong>\n                        <a href=\"mailto:office@okitalk.news\">office@okitalk.news<\/a>\n                    <\/div>\n                <\/li>\n                <li>\n                    <i class=\"fab fa-whatsapp\"><\/i>\n                    <div>\n                        <strong>Whatsapp<\/strong>\n                        <a href=\"https:\/\/wa.me\/4368181859637\">+43 681 81859637<\/a><br\/>\n                        <a href=\"https:\/\/wa.me\/595983565813\">+595 983 565813<\/a>\n                    <\/div>\n                <\/li>\n                <li>\n                    <i class=\"fas fa-file-alt\"><\/i>\n                    <div>\n                        <strong>Asociaci\u00f3n y Empresa<\/strong>\n                        OKiTALK es una asociaci\u00f3n registrada<br>\n                        OKiTALK News es una empresa registrada en Paraguay\n                    <\/div>\n                <\/li>\n            <\/ul>\n\n            <div class=\"privacy-box\">\n                <h3>Pol\u00edtica de privacidad<\/h3>\n                <p>Tus datos ser\u00e1n tratados confidencialmente y solo se utilizar\u00e1n para procesar tu solicitud.<\/p>\n                <p class=\"small\">Retransmisi\u00f3n: La retransmisi\u00f3n de nuestro contenido est\u00e1 expl\u00edcitamente permitida y alentada.<\/p>\n            <\/div>\n        <\/div>\n    <\/div> <!-- End .contact-layout -->\n<!-- \/wp:html -->","_es_post_name":"","_es_post_excerpt":"","_es_post_title":"Cont\u00e1ctanos","edit_language":"de","iawp_total_views":244,"footnotes":""},"class_list":["post-1073","page","type-page","status-publish","hentry"],"_links":{"self":[{"href":"https:\/\/okitalk.news\/de\/wp-json\/wp\/v2\/pages\/1073","targetHints":{"allow":["GET"]}}],"collection":[{"href":"https:\/\/okitalk.news\/de\/wp-json\/wp\/v2\/pages"}],"about":[{"href":"https:\/\/okitalk.news\/de\/wp-json\/wp\/v2\/types\/page"}],"author":[{"embeddable":true,"href":"https:\/\/okitalk.news\/de\/wp-json\/wp\/v2\/users\/1"}],"replies":[{"embeddable":true,"href":"https:\/\/okitalk.news\/de\/wp-json\/wp\/v2\/comments?post=1073"}],"version-history":[{"count":1,"href":"https:\/\/okitalk.news\/de\/wp-json\/wp\/v2\/pages\/1073\/revisions"}],"predecessor-version":[{"id":14067,"href":"https:\/\/okitalk.news\/de\/wp-json\/wp\/v2\/pages\/1073\/revisions\/14067"}],"wp:attachment":[{"href":"https:\/\/okitalk.news\/de\/wp-json\/wp\/v2\/media?parent=1073"}],"curies":[{"name":"wp","href":"https:\/\/api.w.org\/{rel}","templated":true}]}}